{"id":20443,"date":"2020-05-12T10:29:27","date_gmt":"2020-05-12T10:29:27","guid":{"rendered":"https:\/\/kritsaroots.com\/shop\/%cf%80%ce%b1%ce%ba%ce%ad%cf%84%ce%bf-1-root-%ce%b7-%cf%80%cf%81%cf%8e%cf%84%ce%b7-%cf%83%ce%b1%cf%82-%cf%83%cf%8d%ce%bd%ce%b4%ce%b5%cf%83%ce%b7-%ce%bc%ce%b5-%cf%84%ce%b7%ce%bd-%ce%ba%cf%81%ce%b9\/"},"modified":"2020-05-12T10:29:27","modified_gmt":"2020-05-12T08:29:27","slug":"%cf%80%ce%b1%ce%ba%ce%ad%cf%84%ce%bf-1-root-%ce%b7-%cf%80%cf%81%cf%8e%cf%84%ce%b7-%cf%83%ce%b1%cf%82-%cf%83%cf%8d%ce%bd%ce%b4%ce%b5%cf%83%ce%b7-%ce%bc%ce%b5-%cf%84%ce%b7%ce%bd-%ce%ba%cf%81%ce%b9","status":"publish","type":"product","link":"https:\/\/kritsaroots.com\/el\/shop\/%cf%80%ce%b1%ce%ba%ce%ad%cf%84%ce%bf-1-root-%ce%b7-%cf%80%cf%81%cf%8e%cf%84%ce%b7-%cf%83%ce%b1%cf%82-%cf%83%cf%8d%ce%bd%ce%b4%ce%b5%cf%83%ce%b7-%ce%bc%ce%b5-%cf%84%ce%b7%ce%bd-%ce%ba%cf%81%ce%b9\/","title":{"rendered":"\u03a0\u03b1\u03ba\u03ad\u03c4\u03bf #1 &#8211; ROOT &#8211; \u0397 \u03a0\u03c1\u03ce\u03c4\u03b7 \u03c3\u03b1\u03c2 \u03a3\u03cd\u03bd\u03b4\u03b5\u03c3\u03b7 \u03bc\u03b5 \u03c4\u03b7\u03bd \u039a\u03c1\u03b9\u03c4\u03c3\u03ac"},"content":{"rendered":"<p class=\"font-claude-response-body break-words whitespace-normal leading-[1.7]\"><strong>\u0396\u03ae\u03c3\u03c4\u03b5 \u03c4\u03b7 \u03a7\u03b1\u03c1\u03ac \u03c4\u03b7\u03c2 \u03a5\u03b9\u03bf\u03b8\u03b5\u03c3\u03af\u03b1\u03c2 \u0395\u03bb\u03b1\u03b9\u03cc\u03b4\u03b5\u03bd\u03c4\u03c1\u03bf\u03c5 \u03c3\u03c4\u03b7\u03bd \u039a\u03c1\u03b9\u03c4\u03c3\u03ac<\/strong><\/p>\n<p class=\"font-claude-response-body break-words whitespace-normal leading-[1.7]\">\u039c\u03c0\u03b5\u03af\u03c4\u03b5 \u03c3\u03c4\u03bf\u03bd \u03b6\u03c9\u03bd\u03c4\u03b1\u03bd\u03cc \u03ba\u03cc\u03c3\u03bc\u03bf \u03c4\u03b7\u03c2 \u03ba\u03c1\u03b7\u03c4\u03b9\u03ba\u03ae\u03c2 \u03b5\u03bb\u03b1\u03b9\u03bf\u03ba\u03b1\u03bb\u03bb\u03b9\u03ad\u03c1\u03b3\u03b5\u03b9\u03b1\u03c2 \u03bc\u03b5 \u03c4\u03bf \u03c0\u03b1\u03ba\u03ad\u03c4\u03bf \u03c5\u03b9\u03bf\u03b8\u03b5\u03c3\u03af\u03b1\u03c2 ROOT \u03c3\u03c4\u03b7\u03bd \u039a\u03c1\u03b9\u03c4\u03c3\u03ac, \u03ad\u03bd\u03b1 \u03b1\u03c0\u03cc \u03c4\u03b1 \u03c0\u03b9\u03bf \u03b1\u03c5\u03b8\u03b5\u03bd\u03c4\u03b9\u03ba\u03ac \u03bf\u03c1\u03b5\u03b9\u03bd\u03ac \u03c7\u03c9\u03c1\u03b9\u03ac \u03c4\u03b7\u03c2 \u039a\u03c1\u03ae\u03c4\u03b7\u03c2. \u039c\u03ad\u03c3\u03c9 \u03b1\u03c5\u03c4\u03ae\u03c2 \u03c4\u03b7\u03c2 \u03c3\u03c5\u03bc\u03b2\u03bf\u03bb\u03b9\u03ba\u03ae\u03c2 \u03c5\u03b9\u03bf\u03b8\u03b5\u03c3\u03af\u03b1\u03c2, \u03c3\u03c5\u03bd\u03b4\u03ad\u03b5\u03c3\u03c4\u03b5 \u03bc\u03b5 \u03c4\u03b9\u03c2 \u03c0\u03b1\u03c1\u03b1\u03b4\u03bf\u03c3\u03b9\u03b1\u03ba\u03ad\u03c2 \u03c0\u03c1\u03b1\u03ba\u03c4\u03b9\u03ba\u03ad\u03c2 \u03b5\u03bb\u03b1\u03b9\u03bf\u03ba\u03b1\u03bb\u03bb\u03b9\u03ad\u03c1\u03b3\u03b5\u03b9\u03b1\u03c2, \u03b5\u03bd\u03ce \u03c4\u03b1\u03c5\u03c4\u03cc\u03c7\u03c1\u03bf\u03bd\u03b1 \u03c5\u03c0\u03bf\u03c3\u03c4\u03b7\u03c1\u03af\u03b6\u03b5\u03c4\u03b5 \u03c4\u03b7 \u03b2\u03b9\u03ce\u03c3\u03b9\u03bc\u03b7 \u03b3\u03b5\u03c9\u03c1\u03b3\u03af\u03b1 \u03c3\u03b5 \u03bc\u03af\u03b1 \u03b1\u03c0\u03cc \u03c4\u03b9\u03c2 \u03c0\u03b9\u03bf \u03b3\u03c1\u03b1\u03c6\u03b9\u03ba\u03ad\u03c2 \u03c0\u03b5\u03c1\u03b9\u03bf\u03c7\u03ad\u03c2 \u03c4\u03b7\u03c2 \u039c\u03b5\u03c3\u03bf\u03b3\u03b5\u03af\u03bf\u03c5. \u03a4\u03bf \u03c0\u03b1\u03ba\u03ad\u03c4\u03bf ROOT \u03c0\u03c1\u03bf\u03c3\u03c6\u03ad\u03c1\u03b5\u03b9 \u03ad\u03bd\u03b1\u03bd \u03bf\u03c5\u03c3\u03b9\u03b1\u03c3\u03c4\u03b9\u03ba\u03cc \u03c4\u03c1\u03cc\u03c0\u03bf \u03bd\u03b1 \u03b1\u03c3\u03c7\u03bf\u03bb\u03b7\u03b8\u03b5\u03af\u03c4\u03b5 \u03bc\u03b5 \u03c4\u03b7 \u03c0\u03bf\u03bb\u03b9\u03c4\u03b9\u03c3\u03bc\u03b9\u03ba\u03ae \u03c3\u03b7\u03bc\u03b1\u03c3\u03af\u03b1 \u03c4\u03bf\u03c5 \u03b8\u03c1\u03c5\u03bb\u03b9\u03ba\u03bf\u03cd \u03b5\u03bb\u03b1\u03b9\u03cc\u03b4\u03b5\u03bd\u03c4\u03c1\u03bf\u03c5, \u03b3\u03b9\u03bd\u03cc\u03bc\u03b5\u03bd\u03bf\u03b9 \u03bc\u03ad\u03c1\u03bf\u03c2 \u03bc\u03b9\u03b1\u03c2 \u03ba\u03bf\u03b9\u03bd\u03cc\u03c4\u03b7\u03c4\u03b1\u03c2 \u03c0\u03bf\u03c5 \u03c6\u03c1\u03bf\u03bd\u03c4\u03af\u03b6\u03b5\u03b9 \u03b1\u03c5\u03c4\u03bf\u03cd\u03c2 \u03c4\u03bf\u03c5\u03c2 \u03b5\u03bb\u03b1\u03b9\u03ce\u03bd\u03b5\u03c2 \u03b5\u03b4\u03ce \u03ba\u03b1\u03b9 \u03b3\u03b5\u03bd\u03b9\u03ad\u03c2.<\/p>\n<p class=\"font-claude-response-body break-words whitespace-normal leading-[1.7]\">\u03a4\u03bf \u03c0\u03b1\u03ba\u03ad\u03c4\u03bf ROOT \u03b5\u03af\u03bd\u03b1\u03b9 \u03c4\u03bf \u03c0\u03c1\u03ce\u03c4\u03bf \u03c3\u03b1\u03c2 \u03c3\u03b7\u03bc\u03b5\u03af\u03bf \u03b5\u03c0\u03b1\u03c6\u03ae\u03c2 \u03bc\u03b5 \u03c4\u03b7\u03bd \u039a\u03c1\u03b9\u03c4\u03c3\u03ac. \u0391\u03c5\u03c4\u03ae \u03b7 \u03c3\u03c5\u03bc\u03b2\u03bf\u03bb\u03b9\u03ba\u03ae \u03c5\u03b9\u03bf\u03b8\u03b5\u03c3\u03af\u03b1 \u03b4\u03b7\u03bc\u03b9\u03bf\u03c5\u03c1\u03b3\u03b5\u03af \u03bc\u03b9\u03b1 \u03b3\u03ad\u03c6\u03c5\u03c1\u03b1 \u03b1\u03bd\u03ac\u03bc\u03b5\u03c3\u03b1 \u03c3\u03b5 \u03b5\u03c3\u03ac\u03c2 \u03ba\u03b1\u03b9 \u03ad\u03bd\u03b1 \u03b5\u03bb\u03b1\u03b9\u03cc\u03b4\u03b5\u03bd\u03c4\u03c1\u03bf \u03c3\u03c4\u03bf\u03c5\u03c2 \u03b5\u03bb\u03b1\u03b9\u03ce\u03bd\u03b5\u03c2 \u03bc\u03b1\u03c2, \u03c0\u03c1\u03bf\u03c3\u03ba\u03b1\u03bb\u03ce\u03bd\u03c4\u03b1\u03c2 \u03c3\u03b1\u03c2 \u03bd\u03b1 \u03b3\u03af\u03bd\u03b5\u03c4\u03b5 \u03bc\u03ad\u03c1\u03bf\u03c2 \u03bc\u03b9\u03b1\u03c2 \u03ba\u03bf\u03b9\u03bd\u03cc\u03c4\u03b7\u03c4\u03b1\u03c2 \u03c0\u03bf\u03c5 \u03b6\u03b5\u03b9 \u03bc\u03b5 \u03c4\u03bf\u03c5\u03c2 \u03c1\u03c5\u03b8\u03bc\u03bf\u03cd\u03c2 \u03c4\u03b7\u03c2 \u03c6\u03cd\u03c3\u03b7\u03c2 \u03ba\u03b1\u03b9 \u03c4\u03c9\u03bd \u03c0\u03c1\u03bf\u03b7\u03b3\u03bf\u03cd\u03bc\u03b5\u03bd\u03c9\u03bd \u03b3\u03b5\u03bd\u03b5\u03ce\u03bd<\/p>\n<p>&nbsp;<\/p>\n<p class=\"text-text-100 mt-3 -mb-1 text-[1.125rem] font-bold\"><strong>Perfect For:<\/strong><\/p>\n<p class=\"font-claude-response-body break-words whitespace-normal leading-[1.7]\">This package is for those searching to create an authentic relationship with a place that hasn&#8217;t lost its rhythm. It&#8217;s for those who want something more meaningful than a simple transaction. For those who believe roots aren&#8217;t built with products, but with stories that matter and connections that endure.<\/p>\n<p>&nbsp;<\/p>\n<p><strong>What&#8217;s Included in the ROOTS Package?<\/strong><\/p>\n<p>&nbsp;<\/p>\n<p><strong>\u00f0\u0178\u0152\u00b3 Your Adopted Tree<\/strong><\/p>\n<p class=\"font-claude-response-body break-words whitespace-normal leading-[1.7]\">\u00e2\u0153\u201c <strong>Symbolic Adoption of a Specific Olive Tree<\/strong> \u00e2\u20ac\u201c Through your ROOT adoption, you connect to a specific olive tree in Kritsa&#8217;s groves. This isn&#8217;t a generic contribution to a forest somewhere; it&#8217;s a relationship with an individual tree that has its own character, history, and story.<\/p>\n<p class=\"font-claude-response-body break-words whitespace-normal leading-[1.7]\">\u00e2\u0153\u201c <strong>Digital Adoption Certificate<\/strong> \u00e2\u20ac\u201c You receive a digital certificate that confirms your connection and includes your chosen name for the tree, creating a personal identity for this living tree in the groves of Kritsa.<\/p>\n<p class=\"font-claude-response-body break-words whitespace-normal leading-[1.7]\">\u00e2\u0153\u201c <strong>Choose Your Tree&#8217;s Name<\/strong> \u00e2\u20ac\u201c You select a name that gives your tree an identity. This name becomes part of its story, connecting this olive tree to your personal narrative.<\/p>\n<p>&nbsp;<\/p>\n<p class=\"font-claude-response-body break-words whitespace-normal leading-[1.7]\"><strong>\u00f0\u0178\u201c\u00ac Updates &amp; Communication Throughout the Year<\/strong><\/p>\n<p class=\"font-claude-response-body break-words whitespace-normal leading-[1.7]\">\u00e2\u0153\u201c <strong>Seasonal Photo Updates (2 per year)<\/strong> \u00e2\u20ac\u201c Twice annually, as the seasons shift in the Mediterranean, you receive photo updates showing your tree&#8217;s journey through the agricultural calendar. Spring brings blossoms that promise the year&#8217;s harvest, while autumn reveals the fruit that continues the cycle. These aren&#8217;t staged photographs but authentic glimpses into the real life of the grove, captured by the farmers who work this land daily.<\/p>\n<p class=\"font-claude-response-body break-words whitespace-normal leading-[1.7]\">\u00e2\u0153\u201c <strong>Email Updates (2 per year)<\/strong> \u00e2\u20ac\u201c Along with the seasonal photo updates, you receive two comprehensive email updates annually that keep you connected not just to your adopted tree but to the broader rhythms of village life in Kritsa. You learn about the traditional practices that have sustained these olive groves through generations, the challenges and triumphs of each season, and the stories of the people whose lives are intertwined with these trees.<\/p>\n<p class=\"font-claude-response-body break-words whitespace-normal leading-[1.7]\">\u00e2\u0153\u201c <strong>Community Newsletter<\/strong> \u00e2\u20ac\u201c Our newsletter arrives regularly throughout the year, sharing tales from the groves, updates from the village, and the collective voice of the Kritsa Roots family. You become part of an extended community of people who care about this place and its agricultural heritage.<\/p>\n<p class=\"font-claude-response-body break-words whitespace-normal leading-[1.7]\">\u00e2\u0153\u201c <strong>WhatsApp Connection<\/strong> \u00e2\u20ac\u201c For those moments that can&#8217;t wait for scheduled updates, WhatsApp provides a direct connection to your tree&#8217;s story. When something special happens\u00e2\u20ac\u201dan unexpectedly early bloom, a particularly beautiful morning in the grove, or a traditional harvest ceremony\u00e2\u20ac\u201dyou receive word directly, creating a sense of immediacy and real connection despite the physical distance.<\/p>\n<p class=\"font-claude-response-body break-words whitespace-normal leading-[1.7]\">\u00e2\u0153\u201c <strong>Annual Tree Report<\/strong> \u00e2\u20ac\u201c At the close of each year, an annual report arrives, documenting not with agricultural statistics but with the narrative of your tree&#8217;s journey through the seasons. This report captures what the tree experienced, how it changed, and its role in the continuing story of Kritsa&#8217;s olive culture.<\/p>\n<p>&nbsp;<\/p>\n<p class=\"font-claude-response-body break-words whitespace-normal leading-[1.7]\"><strong>\u00f0\u0178\u201c\u008d Visit Experiences in Kritsa<\/strong><\/p>\n<p class=\"font-claude-response-body break-words whitespace-normal leading-[1.7]\">\u00e2\u0153\u201c <strong>Complimentary 1-Hour Walking Tour<\/strong> \u00e2\u20ac\u201c When you visit Kritsa, the ROOT package welcomes you with a complimentary one-hour walking tour through the village&#8217;s historic streets and olive terraces. This isn&#8217;t a tourist experience but an introduction to Kritsa as locals know it, guided by someone whose connection to this place runs deep. The walk reveals the layers of history, tradition, and daily life that make this mountain village extraordinary.<\/p>\n<p class=\"font-claude-response-body break-words whitespace-normal leading-[1.7]\">\u00e2\u0153\u201c <strong>Visit Your Adopted Tree<\/strong> \u00e2\u20ac\u201c The visit includes time to see your adopted tree in person, to stand in the grove where it has stood for generations, and to touch the bark that connects you across the distance. This moment transforms the symbolic adoption into something tangible, grounding your connection in the physical reality of the Cretan landscape.<\/p>\n<p>&nbsp;<\/p>\n<p><strong>What Makes ROOTS Different?<\/strong><\/p>\n<p class=\"font-claude-response-body break-words whitespace-normal leading-[1.7]\">ROOT doesn&#8217;t promise luxury or elaborate gifts. It promises authenticity, connection, and the beginning of a relationship with a place that holds generations of tradition. In a world that often feels disconnected from the natural rhythms that sustained our ancestors, this symbolic adoption offers a way back to those roots.<\/p>\n<div>\n<div class=\"standard-markdown grid-cols-1 grid gap-4 [&amp;_&gt;_*]:min-w-0\"><\/div>\n<\/div>\n<div>\n<div class=\"standard-markdown grid-cols-1 grid gap-4 [&amp;_&gt;_*]:min-w-0\">\n<p>&nbsp;<\/p>\n<\/div>\n<\/div>\n<p class=\"font-claude-response-body break-words whitespace-normal leading-[1.7]\"><strong>Price: \u20ac90 \/ year<\/strong><\/p>\n<p class=\"font-claude-response-body break-words whitespace-normal leading-[1.7]\"><em>\u0397 \u03c3\u03c5\u03bc\u03b2\u03bf\u03bb\u03b9\u03ba\u03ae \u03c3\u03b1\u03c2 \u03c5\u03b9\u03bf\u03b8\u03b5\u03c3\u03af\u03b1 \u03b4\u03b9\u03b1\u03c1\u03ba\u03b5\u03af \u03ad\u03bd\u03b1 \u03c7\u03c1\u03cc\u03bd\u03bf \u03ba\u03b1\u03b9 \u03bc\u03c0\u03bf\u03c1\u03b5\u03af \u03bd\u03b1 \u03b1\u03bd\u03b1\u03bd\u03b5\u03c9\u03b8\u03b5\u03af \u03b5\u03c4\u03b7\u03c3\u03af\u03c9\u03c2. \u0395\u03af\u03c4\u03b5 \u03c3\u03c5\u03bd\u03b5\u03c7\u03af\u03c3\u03b5\u03c4\u03b5 \u03b5\u03af\u03c4\u03b5 \u03cc\u03c7\u03b9, \u03b7 \u03c3\u03cd\u03bd\u03b4\u03b5\u03c3\u03ae \u03c3\u03b1\u03c2 \u03bc\u03b5 \u03c4\u03b7\u03bd \u039a\u03c1\u03b9\u03c4\u03c3\u03ac \u03ba\u03b1\u03b9 \u03b7 \u03ba\u03b1\u03c4\u03b1\u03bd\u03cc\u03b7\u03c3\u03b7 \u03c0\u03bf\u03c5 \u03b1\u03c0\u03bf\u03ba\u03c4\u03ae\u03c3\u03b1\u03c4\u03b5 \u03b3\u03b9\u03b1 \u03b1\u03c5\u03c4\u03cc \u03c4\u03bf \u03bc\u03ad\u03c1\u03bf\u03c2 \u03ba\u03b1\u03b9 \u03c4\u03b9\u03c2 \u03c0\u03b1\u03c1\u03b1\u03b4\u03cc\u03c3\u03b5\u03b9\u03c2 \u03c4\u03bf\u03c5 \u03c0\u03b1\u03c1\u03b1\u03bc\u03ad\u03bd\u03bf\u03c5\u03bd \u03b4\u03b9\u03ba\u03ac \u03c3\u03b1\u03c2.<\/em><\/p>\n","protected":false},"excerpt":{"rendered":"<p>\u039c\u03b9\u03b1 \u03c3\u03c5\u03bc\u03b2\u03bf\u03bb\u03b9\u03ba\u03ae \u03c5\u03b9\u03bf\u03b8\u03b5\u03c3\u03af\u03b1 \u03c0\u03bf\u03c5 \u03c3\u03b1\u03c2 \u03c3\u03c5\u03bd\u03b4\u03ad\u03b5\u03b9 \u03bc\u03b5 \u03ad\u03bd\u03b1 \u03b5\u03bb\u03b1\u03b9\u03cc\u03b4\u03b5\u03bd\u03c4\u03c1\u03bf \u03c3\u03c4\u03b7\u03bd \u039a\u03c1\u03b9\u03c4\u03c3\u03ac \u039a\u03c1\u03ae\u03c4\u03b7\u03c2. \u0395\u03b4\u03ce \u03be\u03b5\u03ba\u03b9\u03bd\u03ac\u03b5\u03b9 \u03b7 \u03c3\u03c7\u03ad\u03c3\u03b7 \u03c3\u03b1\u03c2 \u03bc\u03b5 \u03ad\u03bd\u03b1 \u03b6\u03c9\u03bd\u03c4\u03b1\u03bd\u03cc \u03ba\u03bf\u03bc\u03bc\u03ac\u03c4\u03b9 \u03c4\u03b7\u03c2 \u03bc\u03b5\u03c3\u03bf\u03b3\u03b5\u03b9\u03b1\u03ba\u03ae\u03c2 \u03ba\u03bb\u03b7\u03c1\u03bf\u03bd\u03bf\u03bc\u03b9\u03ac\u03c2.<\/p>\n","protected":false},"featured_media":20447,"comment_status":"open","ping_status":"closed","template":"","meta":{"_uag_custom_page_level_css":""},"product_brand":[],"product_cat":[217],"product_tag":[],"class_list":{"0":"post-20443","1":"product","2":"type-product","3":"status-publish","4":"has-post-thumbnail","6":"product_cat-217","8":"first","9":"instock","10":"virtual","11":"purchasable","12":"product-type-simple"},"aioseo_notices":[],"uagb_featured_image_src":{"full":["https:\/\/kritsaroots.com\/wp-content\/uploads\/2020\/05\/package-1.png",1300,1572,false],"thumbnail":["https:\/\/kritsaroots.com\/wp-content\/uploads\/2020\/05\/package-1-150x150.png",150,150,true],"medium":["https:\/\/kritsaroots.com\/wp-content\/uploads\/2020\/05\/package-1-248x300.png",248,300,true],"medium_large":["https:\/\/kritsaroots.com\/wp-content\/uploads\/2020\/05\/package-1-768x929.png",768,929,true],"large":["https:\/\/kritsaroots.com\/wp-content\/uploads\/2020\/05\/package-1-847x1024.png",847,1024,true],"1536x1536":["https:\/\/kritsaroots.com\/wp-content\/uploads\/2020\/05\/package-1-1270x1536.png",1270,1536,true],"2048x2048":["https:\/\/kritsaroots.com\/wp-content\/uploads\/2020\/05\/package-1.png",1300,1572,false],"post-thumbnail":["https:\/\/kritsaroots.com\/wp-content\/uploads\/2020\/05\/package-1-370x447.png",370,447,true],"good-mood-thumb-huge":["https:\/\/kritsaroots.com\/wp-content\/uploads\/2020\/05\/package-1-1290x725.png",1290,725,true],"good-mood-thumb-big":["https:\/\/kritsaroots.com\/wp-content\/uploads\/2020\/05\/package-1-840x473.png",840,473,true],"good-mood-thumb-med":["https:\/\/kritsaroots.com\/wp-content\/uploads\/2020\/05\/package-1-410x230.png",410,230,true],"good-mood-thumb-tiny":["https:\/\/kritsaroots.com\/wp-content\/uploads\/2020\/05\/package-1-120x120.png",120,120,true],"good-mood-thumb-masonry-big":["https:\/\/kritsaroots.com\/wp-content\/uploads\/2020\/05\/package-1-840x1016.png",840,1016,true],"good-mood-thumb-masonry":["https:\/\/kritsaroots.com\/wp-content\/uploads\/2020\/05\/package-1-410x496.png",410,496,true],"good-mood-thumb-rectangle":["https:\/\/kritsaroots.com\/wp-content\/uploads\/2020\/05\/package-1-570x696.png",570,696,true],"good-mood-thumb-medium-square":["https:\/\/kritsaroots.com\/wp-content\/uploads\/2020\/05\/package-1-650x572.png",650,572,true],"good-mood-thumb-square":["https:\/\/kritsaroots.com\/wp-content\/uploads\/2020\/05\/package-1-890x664.png",890,664,true],"woocommerce_thumbnail":["https:\/\/kritsaroots.com\/wp-content\/uploads\/2020\/05\/package-1-500x500.png",500,500,true],"woocommerce_single":["https:\/\/kritsaroots.com\/wp-content\/uploads\/2020\/05\/package-1-600x726.png",600,726,true],"woocommerce_gallery_thumbnail":["https:\/\/kritsaroots.com\/wp-content\/uploads\/2020\/05\/package-1-150x150.png",150,150,true],"trx_addons-thumb-small":["https:\/\/kritsaroots.com\/wp-content\/uploads\/2020\/05\/package-1-270x152.png",270,152,true],"trx_addons-thumb-portrait":["https:\/\/kritsaroots.com\/wp-content\/uploads\/2020\/05\/package-1-370x493.png",370,493,true],"trx_addons-thumb-avatar":["https:\/\/kritsaroots.com\/wp-content\/uploads\/2020\/05\/package-1-370x370.png",370,370,true]},"uagb_author_info":{"display_name":"Kritsa Roots Team","author_link":"https:\/\/kritsaroots.com\/el\/author\/"},"uagb_comment_info":0,"uagb_excerpt":"\u039c\u03b9\u03b1 \u03c3\u03c5\u03bc\u03b2\u03bf\u03bb\u03b9\u03ba\u03ae \u03c5\u03b9\u03bf\u03b8\u03b5\u03c3\u03af\u03b1 \u03c0\u03bf\u03c5 \u03c3\u03b1\u03c2 \u03c3\u03c5\u03bd\u03b4\u03ad\u03b5\u03b9 \u03bc\u03b5 \u03ad\u03bd\u03b1 \u03b5\u03bb\u03b1\u03b9\u03cc\u03b4\u03b5\u03bd\u03c4\u03c1\u03bf \u03c3\u03c4\u03b7\u03bd \u039a\u03c1\u03b9\u03c4\u03c3\u03ac \u039a\u03c1\u03ae\u03c4\u03b7\u03c2. \u0395\u03b4\u03ce \u03be\u03b5\u03ba\u03b9\u03bd\u03ac\u03b5\u03b9 \u03b7 \u03c3\u03c7\u03ad\u03c3\u03b7 \u03c3\u03b1\u03c2 \u03bc\u03b5 \u03ad\u03bd\u03b1 \u03b6\u03c9\u03bd\u03c4\u03b1\u03bd\u03cc \u03ba\u03bf\u03bc\u03bc\u03ac\u03c4\u03b9 \u03c4\u03b7\u03c2 \u03bc\u03b5\u03c3\u03bf\u03b3\u03b5\u03b9\u03b1\u03ba\u03ae\u03c2 \u03ba\u03bb\u03b7\u03c1\u03bf\u03bd\u03bf\u03bc\u03b9\u03ac\u03c2.","_links":{"self":[{"href":"https:\/\/kritsaroots.com\/el\/wp-json\/wp\/v2\/product\/20443","targetHints":{"allow":["GET"]}}],"collection":[{"href":"https:\/\/kritsaroots.com\/el\/wp-json\/wp\/v2\/product"}],"about":[{"href":"https:\/\/kritsaroots.com\/el\/wp-json\/wp\/v2\/types\/product"}],"replies":[{"embeddable":true,"href":"https:\/\/kritsaroots.com\/el\/wp-json\/wp\/v2\/comments?post=20443"}],"wp:featuredmedia":[{"embeddable":true,"href":"https:\/\/kritsaroots.com\/el\/wp-json\/wp\/v2\/media\/20447"}],"wp:attachment":[{"href":"https:\/\/kritsaroots.com\/el\/wp-json\/wp\/v2\/media?parent=20443"}],"wp:term":[{"taxonomy":"product_brand","embeddable":true,"href":"https:\/\/kritsaroots.com\/el\/wp-json\/wp\/v2\/product_brand?post=20443"},{"taxonomy":"product_cat","embeddable":true,"href":"https:\/\/kritsaroots.com\/el\/wp-json\/wp\/v2\/product_cat?post=20443"},{"taxonomy":"product_tag","embeddable":true,"href":"https:\/\/kritsaroots.com\/el\/wp-json\/wp\/v2\/product_tag?post=20443"}],"curies":[{"name":"wp","href":"https:\/\/api.w.org\/{rel}","templated":true}]}}